{"id":20,"date":"2024-08-09T15:34:41","date_gmt":"2024-08-09T13:34:41","guid":{"rendered":"https:\/\/cpvilafranca.cat\/about-us\/"},"modified":"2025-09-17T13:12:21","modified_gmt":"2025-09-17T11:12:21","slug":"historia-del-club-pati-vilafranca","status":"publish","type":"page","link":"https:\/\/cpvilafranca.cat\/es\/historia-del-club-pati-vilafranca\/","title":{"rendered":"Historia"},"content":{"rendered":"<div data-elementor-type=\"wp-page\" data-elementor-id=\"20\" class=\"elementor elementor-20\" data-elementor-post-type=\"page\">\n\t\t\t\t<div class=\"elementor-element elementor-element-55bef5f e-flex e-con-boxed e-con e-parent\" data-id=\"55bef5f\" data-element_type=\"container\" data-e-type=\"container\" data-settings=\"{&quot;background_background&quot;:&quot;classic&quot;}\">\n\t\t\t\t\t<div class=\"e-con-inner\">\n\t\t<div class=\"elementor-element elementor-element-0ddc332 e-con-full e-flex e-con e-child\" data-id=\"0ddc332\" data-element_type=\"container\" data-e-type=\"container\">\n\t\t\t\t<div class=\"elementor-element elementor-element-94b4d39 elementor-widget elementor-widget-heading\" data-id=\"94b4d39\" data-element_type=\"widget\" data-e-type=\"widget\" data-widget_type=\"heading.default\">\n\t\t\t\t<div class=\"elementor-widget-container\">\n\t\t\t\t\t<h1 class=\"elementor-heading-title elementor-size-default\">Historia del Club Pat\u00ed Vilafranca<\/h1>\t\t\t\t<\/div>\n\t\t\t\t<\/div>\n\t\t\t\t<div class=\"elementor-element elementor-element-a130f0d elementor-widget elementor-widget-text-editor\" data-id=\"a130f0d\" data-element_type=\"widget\" data-e-type=\"widget\" data-widget_type=\"text-editor.default\">\n\t\t\t\t<div class=\"elementor-widget-container\">\n\t\t\t\t\t\t\t\t\t<p>El<strong data-start=\"955\" data-end=\"992\">historia del Club Pat\u00ed Vilafranca<\/strong> es tambi\u00e9n la historia del<strong data-start=\"1019\" data-end=\"1067\">hockey sobre patines en Vilafranca del Pened\u00e8s<\/strong>. Desde los inicios humildes hasta convertirnos en un referente deportivo en Catalu\u00f1a y en el Estado, el club ha crecido con la fuerza de su gente y la pasi\u00f3n por este deporte.<\/p>\t\t\t\t\t\t\t\t<\/div>\n\t\t\t\t<\/div>\n\t\t\t\t<\/div>\n\t\t<div class=\"elementor-element elementor-element-db35768 e-con-full e-flex e-con e-child\" data-id=\"db35768\" data-element_type=\"container\" data-e-type=\"container\">\n\t\t\t\t<\/div>\n\t\t\t\t\t<\/div>\n\t\t\t\t<\/div>\n\t\t<div class=\"elementor-element elementor-element-78245b1 e-flex e-con-boxed e-con e-parent\" data-id=\"78245b1\" data-element_type=\"container\" data-e-type=\"container\">\n\t\t\t\t\t<div class=\"e-con-inner\">\n\t\t<div class=\"elementor-element elementor-element-e41006e e-con-full e-flex e-con e-child\" data-id=\"e41006e\" data-element_type=\"container\" data-e-type=\"container\">\n\t\t\t\t<div class=\"elementor-element elementor-element-1a4856a elementor-widget elementor-widget-heading\" data-id=\"1a4856a\" data-element_type=\"widget\" data-e-type=\"widget\" data-widget_type=\"heading.default\">\n\t\t\t\t<div class=\"elementor-widget-container\">\n\t\t\t\t\t<h2 class=\"elementor-heading-title elementor-size-default\">Los or\u00edgenes del hockey sobre patines en Vilafranca del Pened\u00e8s<\/h2>\t\t\t\t<\/div>\n\t\t\t\t<\/div>\n\t\t\t\t<div class=\"elementor-element elementor-element-b65b3ba elementor-widget elementor-widget-text-editor\" data-id=\"b65b3ba\" data-element_type=\"widget\" data-e-type=\"widget\" data-widget_type=\"text-editor.default\">\n\t\t\t\t<div class=\"elementor-widget-container\">\n\t\t\t\t\t\t\t\t\t<p>El Club Pat\u00ed Vilafranca, actualmente conocido como Digittecnic Vilafranca Capital del Vino gracias a su patrocinador, es un referente en el mundo del hockey sobre patines en Vilafranca del Pened\u00e8s. Fundado en 1970, el club ha vivido momentos de gran \u00e9xito a lo largo de su historia, consolid\u00e1ndose como una entidad deportiva con gran proyecci\u00f3n y una trayectoria llena de retos superados. Actualmente, compite en la OK Liga, la m\u00e1xima categor\u00eda del hockey estatal.<\/p><p>El primer gran paso lleg\u00f3 en 1972, cuando el Club Pat\u00ed Vilafranca logr\u00f3 su primer ascenso de Segunda a Primera Divisi\u00f3n. Aunque no pudo materializarse por razones econ\u00f3micas, la determinaci\u00f3n del club se mantuvo intacta. As\u00ed, el ascenso definitivo a Primera Divisi\u00f3n se produjo en la temporada 1975-76, consolid\u00e1ndose en la categor\u00eda y logrando tres a\u00f1os despu\u00e9s, en 1978-79, el ascenso a la Divisi\u00f3n de Honor.<\/p><p>Aunque el club s\u00f3lo permaneci\u00f3 una temporada en la m\u00e1xima categor\u00eda, sigui\u00f3 trabajando para volver a la \u00e9lite. El siguiente ascenso lleg\u00f3 en la temporada 1987-88, aunque volvi\u00f3 a ser temporal. A partir de la d\u00e9cada de los noventa, el club se estabiliz\u00f3 entre la OK Liga y la Primera Divisi\u00f3n, alternando categor\u00edas hasta consolidarse de nuevo en la OK Liga en varias temporadas.<\/p><p>El momento m\u00e1s destacado del Club Pat\u00ed Vilafranca ha sido hasta ahora el subcampeonato de la Copa de la CERS de la temporada 2015-16, donde fue derrotado por el OC Barcelos. Este \u00e9xito consolid\u00f3 al club como un rival temible en Europa y marc\u00f3 un punto \u00e1lgido en su historia, con dos semifinales consecutivas en la Copa de la CERS en los a\u00f1os 1997-98 y 1998-99.<\/p>\t\t\t\t\t\t\t\t<\/div>\n\t\t\t\t<\/div>\n\t\t\t\t<\/div>\n\t\t<div class=\"elementor-element elementor-element-8a31096 e-con-full e-flex e-con e-child\" data-id=\"8a31096\" data-element_type=\"container\" data-e-type=\"container\">\n\t\t\t\t<div class=\"elementor-element elementor-element-99259e2 elementor-widget elementor-widget-image\" data-id=\"99259e2\" data-element_type=\"widget\" data-e-type=\"widget\" data-widget_type=\"image.default\">\n\t\t\t\t<div class=\"elementor-widget-container\">\n\t\t\t\t\t\t\t\t\t\t\t\t\t\t\t<img fetchpriority=\"high\" decoding=\"async\" width=\"700\" height=\"500\" src=\"https:\/\/cpvilafranca.cat\/wp-content\/uploads\/2024\/09\/cp-vilafranca.jpg\" class=\"attachment-large size-large wp-image-1372\" alt=\"Hist\u00f2ria del Club Pat\u00ed Vilafranca\" srcset=\"https:\/\/cpvilafranca.cat\/wp-content\/uploads\/2024\/09\/cp-vilafranca.jpg 700w, https:\/\/cpvilafranca.cat\/wp-content\/uploads\/2024\/09\/cp-vilafranca-300x214.jpg 300w, https:\/\/cpvilafranca.cat\/wp-content\/uploads\/2024\/09\/cp-vilafranca-18x12.jpg 18w, https:\/\/cpvilafranca.cat\/wp-content\/uploads\/2024\/09\/cp-vilafranca-600x429.jpg 600w\" sizes=\"(max-width: 700px) 100vw, 700px\" title=\"\">\t\t\t\t\t\t\t\t\t\t\t\t\t\t\t<\/div>\n\t\t\t\t<\/div>\n\t\t<div class=\"elementor-element elementor-element-88d3046 e-con-full e-flex e-con e-child\" data-id=\"88d3046\" data-element_type=\"container\" data-e-type=\"container\">\n\t\t<div class=\"elementor-element elementor-element-6097daf e-con-full e-transform e-flex e-con e-child\" data-id=\"6097daf\" data-element_type=\"container\" data-e-type=\"container\" data-settings=\"{&quot;background_background&quot;:&quot;classic&quot;,&quot;_transform_scale_effect_hover&quot;:{&quot;unit&quot;:&quot;px&quot;,&quot;size&quot;:1.1,&quot;sizes&quot;:[]},&quot;_transform_scale_effect_hover_tablet&quot;:{&quot;unit&quot;:&quot;px&quot;,&quot;size&quot;:&quot;&quot;,&quot;sizes&quot;:[]},&quot;_transform_scale_effect_hover_mobile&quot;:{&quot;unit&quot;:&quot;px&quot;,&quot;size&quot;:&quot;&quot;,&quot;sizes&quot;:[]}}\">\n\t\t\t\t<div class=\"elementor-element elementor-element-1a1168b elementor-widget elementor-widget-heading\" data-id=\"1a1168b\" data-element_type=\"widget\" data-e-type=\"widget\" data-widget_type=\"heading.default\">\n\t\t\t\t<div class=\"elementor-widget-container\">\n\t\t\t\t\t<h2 class=\"elementor-heading-title elementor-size-default\">Clasificaci\u00f3n<\/h2>\t\t\t\t<\/div>\n\t\t\t\t<\/div>\n\t\t\t\t<div class=\"elementor-element elementor-element-72c75bb elementor-widget elementor-widget-text-editor\" data-id=\"72c75bb\" data-element_type=\"widget\" data-e-type=\"widget\" data-widget_type=\"text-editor.default\">\n\t\t\t\t<div class=\"elementor-widget-container\">\n\t\t\t\t\t\t\t\t\t<div class=\"elementor-element elementor-element-9ab7c96 elementor-widget elementor-widget-text-editor\" data-id=\"9ab7c96\" data-element_type=\"widget\" data-widget_type=\"text-editor.default\"><div class=\"elementor-widget-container\"><p>DETALLES DEL PARTIDO, GOLES, ASISTENCIAS, TARJETAS<\/p><\/div><\/div>\t\t\t\t\t\t\t\t<\/div>\n\t\t\t\t<\/div>\n\t\t\t\t<div class=\"elementor-element elementor-element-39134f7 elementor-widget elementor-widget-image\" data-id=\"39134f7\" data-element_type=\"widget\" data-e-type=\"widget\" data-widget_type=\"image.default\">\n\t\t\t\t<div class=\"elementor-widget-container\">\n\t\t\t\t\t\t\t\t\t\t\t\t\t\t\t<img decoding=\"async\" width=\"655\" height=\"275\" src=\"https:\/\/cpvilafranca.cat\/wp-content\/uploads\/2024\/10\/Logo-Parlem.png\" class=\"attachment-full size-full wp-image-1615\" alt=\"\" srcset=\"https:\/\/cpvilafranca.cat\/wp-content\/uploads\/2024\/10\/Logo-Parlem.png 655w, https:\/\/cpvilafranca.cat\/wp-content\/uploads\/2024\/10\/Logo-Parlem-300x126.png 300w, https:\/\/cpvilafranca.cat\/wp-content\/uploads\/2024\/10\/Logo-Parlem-18x8.png 18w, https:\/\/cpvilafranca.cat\/wp-content\/uploads\/2024\/10\/Logo-Parlem-600x252.png 600w\" sizes=\"(max-width: 655px) 100vw, 655px\" title=\"\">\t\t\t\t\t\t\t\t\t\t\t\t\t\t\t<\/div>\n\t\t\t\t<\/div>\n\t\t\t\t<div class=\"elementor-element elementor-element-4bbfc80 elementor-align-center elementor-widget__width-inherit elementor-widget elementor-widget-button\" data-id=\"4bbfc80\" data-element_type=\"widget\" data-e-type=\"widget\" data-widget_type=\"button.default\">\n\t\t\t\t<div class=\"elementor-widget-container\">\n\t\t\t\t\t\t\t\t\t<div class=\"elementor-button-wrapper\">\n\t\t\t\t\t<a class=\"elementor-button elementor-button-link elementor-size-sm\" href=\"https:\/\/www.hockeypatines.fep.es\/\" target=\"_blank\" rel=\"noopener\">\n\t\t\t\t\t\t<span class=\"elementor-button-content-wrapper\">\n\t\t\t\t\t\t\t\t\t<span class=\"elementor-button-text\">CLASIFICACI\u00d3N DE LOS EQUIPOS<\/span>\n\t\t\t\t\t<\/span>\n\t\t\t\t\t<\/a>\n\t\t\t\t<\/div>\n\t\t\t\t\t\t\t\t<\/div>\n\t\t\t\t<\/div>\n\t\t\t\t<\/div>\n\t\t\t\t<\/div>\n\t\t\t\t<\/div>\n\t\t\t\t\t<\/div>\n\t\t\t\t<\/div>\n\t\t<div class=\"elementor-element elementor-element-d4a1227 e-flex e-con-boxed e-con e-parent\" data-id=\"d4a1227\" data-element_type=\"container\" data-e-type=\"container\" data-settings=\"{&quot;background_background&quot;:&quot;classic&quot;}\">\n\t\t\t\t\t<div class=\"e-con-inner\">\n\t\t<div class=\"elementor-element elementor-element-0b8cc1a e-con-full e-flex e-con e-child\" data-id=\"0b8cc1a\" data-element_type=\"container\" data-e-type=\"container\">\n\t\t<div class=\"elementor-element elementor-element-e895726 e-con-full e-flex e-con e-child\" data-id=\"e895726\" data-element_type=\"container\" data-e-type=\"container\">\n\t\t<div class=\"elementor-element elementor-element-71ee712 e-con-full e-flex e-con e-child\" data-id=\"71ee712\" data-element_type=\"container\" data-e-type=\"container\" data-settings=\"{&quot;background_background&quot;:&quot;classic&quot;}\">\n\t\t\t\t<div class=\"elementor-element elementor-element-a9eab66 elementor-widget elementor-widget-heading\" data-id=\"a9eab66\" data-element_type=\"widget\" data-e-type=\"widget\" data-widget_type=\"heading.default\">\n\t\t\t\t<div class=\"elementor-widget-container\">\n\t\t\t\t\t<h2 class=\"elementor-heading-title elementor-size-default\"><a href=\"https:\/\/cpvilafranca.cat\/es\/junta\/\">Junta<\/a><\/h2>\t\t\t\t<\/div>\n\t\t\t\t<\/div>\n\t\t\t\t<\/div>\n\t\t\t\t<\/div>\n\t\t<div class=\"elementor-element elementor-element-6214906 e-con-full e-flex e-con e-child\" data-id=\"6214906\" data-element_type=\"container\" data-e-type=\"container\">\n\t\t<div class=\"elementor-element elementor-element-d77b689 e-con-full e-flex e-con e-child\" data-id=\"d77b689\" data-element_type=\"container\" data-e-type=\"container\" data-settings=\"{&quot;background_background&quot;:&quot;classic&quot;}\">\n\t\t\t\t<div class=\"elementor-element elementor-element-70f06b8 elementor-widget elementor-widget-heading\" data-id=\"70f06b8\" data-element_type=\"widget\" data-e-type=\"widget\" data-widget_type=\"heading.default\">\n\t\t\t\t<div class=\"elementor-widget-container\">\n\t\t\t\t\t<h2 class=\"elementor-heading-title elementor-size-default\"><a href=\"https:\/\/cpvilafranca.cat\/es\/equips-del-club-pati-vilafranca\/\">Equipos<\/a><\/h2>\t\t\t\t<\/div>\n\t\t\t\t<\/div>\n\t\t\t\t<\/div>\n\t\t\t\t<\/div>\n\t\t\t\t<\/div>\n\t\t<div class=\"elementor-element elementor-element-462a98d e-con-full e-flex e-con e-child\" data-id=\"462a98d\" data-element_type=\"container\" data-e-type=\"container\">\n\t\t<div class=\"elementor-element elementor-element-0802ca2 e-con-full e-flex e-con e-child\" data-id=\"0802ca2\" data-element_type=\"container\" data-e-type=\"container\">\n\t\t<div class=\"elementor-element elementor-element-82572f9 e-con-full e-flex e-con e-child\" data-id=\"82572f9\" data-element_type=\"container\" data-e-type=\"container\" data-settings=\"{&quot;background_background&quot;:&quot;classic&quot;}\">\n\t\t\t\t<div class=\"elementor-element elementor-element-cb55528 elementor-widget elementor-widget-heading\" data-id=\"cb55528\" data-element_type=\"widget\" data-e-type=\"widget\" data-widget_type=\"heading.default\">\n\t\t\t\t<div class=\"elementor-widget-container\">\n\t\t\t\t\t<h2 class=\"elementor-heading-title elementor-size-default\"><a href=\"https:\/\/cpvilafranca.cat\/es\/fes-te-soci\/\">Hazte socio<\/a><\/h2>\t\t\t\t<\/div>\n\t\t\t\t<\/div>\n\t\t\t\t<\/div>\n\t\t\t\t<\/div>\n\t\t\t\t<\/div>\n\t\t\t\t\t<\/div>\n\t\t\t\t<\/div>\n\t\t\t\t<\/div>","protected":false},"excerpt":{"rendered":"<p>Hist\u00f2ria del Club Pat\u00ed Vilafranca L\u2019hist\u00f2ria del Club Pat\u00ed Vilafranca \u00e9s tamb\u00e9 la hist\u00f2ria de l\u2019hoquei sobre patins a Vilafranca del Pened\u00e8s. Des dels inicis humils fins a convertir-nos en un referent esportiu a Catalunya i a l\u2019Estat, el club ha crescut amb la for\u00e7a de la seva gent i la passi\u00f3 per aquest esport. [&hellip;]<\/p>\n","protected":false},"author":1,"featured_media":0,"parent":0,"menu_order":0,"comment_status":"closed","ping_status":"closed","template":"","meta":{"site-sidebar-layout":"no-sidebar","site-content-layout":"page-builder","ast-site-content-layout":"default","site-content-style":"default","site-sidebar-style":"default","ast-global-header-display":"","ast-banner-title-visibility":"","ast-main-header-display":"","ast-hfb-above-header-display":"","ast-hfb-below-header-display":"","ast-hfb-mobile-header-display":"","site-post-title":"disabled","ast-breadcrumbs-content":"disabled","ast-featured-img":"disabled","footer-sml-layout":"","ast-disable-related-posts":"","theme-transparent-header-meta":"enabled","adv-header-id-meta":"","stick-header-meta":"","header-above-stick-meta":"","header-main-stick-meta":"","header-below-stick-meta":"","astra-migrate-meta-layouts":"default","ast-page-background-enabled":"default","ast-page-background-meta":{"desktop":{"background-color":"","background-image":"","background-repeat":"repeat","background-position":"center center","background-size":"auto","background-attachment":"scroll","background-type":"","background-media":"","overlay-type":"","overlay-color":"","overlay-opacity":"","overlay-gradient":""},"tablet":{"background-color":"","background-image":"","background-repeat":"repeat","background-position":"center center","background-size":"auto","background-attachment":"scroll","background-type":"","background-media":"","overlay-type":"","overlay-color":"","overlay-opacity":"","overlay-gradient":""},"mobile":{"background-color":"","background-image":"","background-repeat":"repeat","background-position":"center center","background-size":"auto","background-attachment":"scroll","background-type":"","background-media":"","overlay-type":"","overlay-color":"","overlay-opacity":"","overlay-gradient":""}},"ast-content-background-meta":{"desktop":{"background-color":"var(--ast-global-color-5)","background-image":"","background-repeat":"repeat","background-position":"center center","background-size":"auto","background-attachment":"scroll","background-type":"","background-media":"","overlay-type":"","overlay-color":"","overlay-opacity":"","overlay-gradient":""},"tablet":{"background-color":"var(--ast-global-color-5)","background-image":"","background-repeat":"repeat","background-position":"center center","background-size":"auto","background-attachment":"scroll","background-type":"","background-media":"","overlay-type":"","overlay-color":"","overlay-opacity":"","overlay-gradient":""},"mobile":{"background-color":"var(--ast-global-color-5)","background-image":"","background-repeat":"repeat","background-position":"center center","background-size":"auto","background-attachment":"scroll","background-type":"","background-media":"","overlay-type":"","overlay-color":"","overlay-opacity":"","overlay-gradient":""}},"footnotes":""},"class_list":["post-20","page","type-page","status-publish","hentry"],"_links":{"self":[{"href":"https:\/\/cpvilafranca.cat\/es\/wp-json\/wp\/v2\/pages\/20","targetHints":{"allow":["GET"]}}],"collection":[{"href":"https:\/\/cpvilafranca.cat\/es\/wp-json\/wp\/v2\/pages"}],"about":[{"href":"https:\/\/cpvilafranca.cat\/es\/wp-json\/wp\/v2\/types\/page"}],"author":[{"embeddable":true,"href":"https:\/\/cpvilafranca.cat\/es\/wp-json\/wp\/v2\/users\/1"}],"replies":[{"embeddable":true,"href":"https:\/\/cpvilafranca.cat\/es\/wp-json\/wp\/v2\/comments?post=20"}],"version-history":[{"count":35,"href":"https:\/\/cpvilafranca.cat\/es\/wp-json\/wp\/v2\/pages\/20\/revisions"}],"predecessor-version":[{"id":2138,"href":"https:\/\/cpvilafranca.cat\/es\/wp-json\/wp\/v2\/pages\/20\/revisions\/2138"}],"wp:attachment":[{"href":"https:\/\/cpvilafranca.cat\/es\/wp-json\/wp\/v2\/media?parent=20"}],"curies":[{"name":"wp","href":"https:\/\/api.w.org\/{rel}","templated":true}]}}