{"id":1442,"date":"2024-09-10T07:47:10","date_gmt":"2024-09-10T05:47:10","guid":{"rendered":"https:\/\/cpvilafranca.cat\/?page_id=1442"},"modified":"2025-09-12T14:32:15","modified_gmt":"2025-09-12T12:32:15","slug":"fes-te-soci","status":"publish","type":"page","link":"https:\/\/cpvilafranca.cat\/es\/fes-te-soci\/","title":{"rendered":"Hazte Socio"},"content":{"rendered":"\t\t<div data-elementor-type=\"wp-page\" data-elementor-id=\"1442\" class=\"elementor elementor-1442\" data-elementor-post-type=\"page\">\n\t\t\t\t<div class=\"elementor-element elementor-element-d640544 e-flex e-con-boxed e-con e-parent\" data-id=\"d640544\" data-element_type=\"container\" data-e-type=\"container\" data-settings=\"{&quot;background_background&quot;:&quot;classic&quot;}\">\n\t\t\t\t\t<div class=\"e-con-inner\">\n\t\t<div class=\"elementor-element elementor-element-3fda946 e-con-full e-flex e-con e-child\" data-id=\"3fda946\" data-element_type=\"container\" data-e-type=\"container\">\n\t\t\t\t<div class=\"elementor-element elementor-element-82e468d elementor-widget elementor-widget-heading\" data-id=\"82e468d\" data-element_type=\"widget\" data-e-type=\"widget\" data-widget_type=\"heading.default\">\n\t\t\t\t<div class=\"elementor-widget-container\">\n\t\t\t\t\t<h1 class=\"elementor-heading-title elementor-size-default\">Fes-te soci del Club Pat\u00ed Vilafranca<\/h1>\t\t\t\t<\/div>\n\t\t\t\t<\/div>\n\t\t\t\t<div class=\"elementor-element elementor-element-3e7998c elementor-widget elementor-widget-text-editor\" data-id=\"3e7998c\" data-element_type=\"widget\" data-e-type=\"widget\" data-widget_type=\"text-editor.default\">\n\t\t\t\t<div class=\"elementor-widget-container\">\n\t\t\t\t\t\t\t\t\t<p>Vols formar part del <strong data-start=\"892\" data-end=\"916\">Club Pat\u00ed Vilafranca<\/strong>? Fes-te soci i viu l\u2019<strong data-start=\"938\" data-end=\"986\">hoquei sobre patins a Vilafranca del Pened\u00e8s<\/strong> des de dins. Aconsegueix el teu abonament i gaudeix de tots els avantatges exclusius per a socis.\u00a0<\/p>\t\t\t\t\t\t\t\t<\/div>\n\t\t\t\t<\/div>\n\t\t\t\t<\/div>\n\t\t<div class=\"elementor-element elementor-element-b762fe1 e-con-full e-flex e-con e-child\" data-id=\"b762fe1\" data-element_type=\"container\" data-e-type=\"container\">\n\t\t\t\t<\/div>\n\t\t\t\t\t<\/div>\n\t\t\t\t<\/div>\n\t\t<div class=\"elementor-element elementor-element-4aa5d3e e-flex e-con-boxed e-con e-parent\" data-id=\"4aa5d3e\" data-element_type=\"container\" data-e-type=\"container\">\n\t\t\t\t\t<div class=\"e-con-inner\">\n\t\t<div class=\"elementor-element elementor-element-dd42d56 e-con-full e-flex e-con e-child\" data-id=\"dd42d56\" data-element_type=\"container\" data-e-type=\"container\">\n\t\t\t\t<div class=\"elementor-element elementor-element-b2de5d5 elementor-widget elementor-widget-text-editor\" data-id=\"b2de5d5\" data-element_type=\"widget\" data-e-type=\"widget\" data-widget_type=\"text-editor.default\">\n\t\t\t\t<div class=\"elementor-widget-container\">\n\t\t\t\t\t\t\t\t\t<h2>Avantatges de ser soci a Vilafranca del Pened\u00e8s<\/h2><p>Ser soci del Club Pat\u00ed Vilafranca \u00e9s formar part de la passi\u00f3 i l&#8217;esperit esportiu que ens impulsa a superar cada repte a la pista. \u00c9s col\u00b7laborar i contribuir al creixement d&#8217;un club amb una gran hist\u00f2ria i una projecci\u00f3 destacada en el m\u00f3n de l\u2019hoquei. Amb tu, som m\u00e9s forts com a instituci\u00f3 i com a equip. Per\u00f2 ser soci no \u00e9s nom\u00e9s aix\u00f2. A m\u00e9s, gaudir\u00e0s d&#8217;una s\u00e8rie d\u2019avantatges exclusius per a tots els membres del club. Uneix-te a la nostra fam\u00edlia i participa activament en la nostra hist\u00f2ria! Sigues soci.<\/p><h3>Per no perdre\u2019t cap detall<\/h3><p>En fer-te soci, comen\u00e7ar\u00e0s a rebre gratu\u00eftament tota la informaci\u00f3 i comunicacions que el Club Pat\u00ed Vilafranca estableix amb els seus associats:<\/p><ul><li><strong>Butllet\u00ed del Club<\/strong>, amb cr\u00f2niques de partits, activitats, celebracions, entrevistes, reportatges, i molt m\u00e9s.<\/li><li><strong>Circulars<\/strong> amb les activitats programades per cada mes.<\/li><li><strong>Butllet\u00ed electr\u00f2nic<\/strong>, amb les not\u00edcies m\u00e9s actuals enviades al moment.<\/li><\/ul><h3>Gaudeix dels avantatges de ser soci<\/h3><p>El carnet de soci et dona acc\u00e9s a molts beneficis addicionals, com:<\/p><ul><li>Participaci\u00f3 en esdeveniments especials del club.<\/li><li>Descomptes exclusius en la botiga oficial del Club.<\/li><li>Entrada preferent a partits importants.<\/li><li>Participaci\u00f3 en l\u2019assemblea anual del Club.<\/li><\/ul>\t\t\t\t\t\t\t\t<\/div>\n\t\t\t\t<\/div>\n\t\t\t\t<\/div>\n\t\t<div class=\"elementor-element elementor-element-a1694ec e-con-full e-flex e-con e-child\" data-id=\"a1694ec\" data-element_type=\"container\" data-e-type=\"container\" data-settings=\"{&quot;background_background&quot;:&quot;classic&quot;}\">\n\t\t\t\t<div class=\"elementor-element elementor-element-455b6ee elementor-widget elementor-widget-heading\" data-id=\"455b6ee\" data-element_type=\"widget\" data-e-type=\"widget\" data-widget_type=\"heading.default\">\n\t\t\t\t<div class=\"elementor-widget-container\">\n\t\t\t\t\t<h2 class=\"elementor-heading-title elementor-size-default\">Formulari d\u2019inscripci\u00f3<\/h2>\t\t\t\t<\/div>\n\t\t\t\t<\/div>\n\t\t\t\t<div class=\"elementor-element elementor-element-905c847 elementor-button-align-stretch elementor-widget elementor-widget-form\" data-id=\"905c847\" data-element_type=\"widget\" data-e-type=\"widget\" data-settings=\"{&quot;step_next_label&quot;:&quot;Next&quot;,&quot;step_previous_label&quot;:&quot;Previous&quot;,&quot;button_width&quot;:&quot;100&quot;,&quot;step_type&quot;:&quot;number_text&quot;,&quot;step_icon_shape&quot;:&quot;circle&quot;}\" data-widget_type=\"form.default\">\n\t\t\t\t<div class=\"elementor-widget-container\">\n\t\t\t\t\t\t\t<form class=\"elementor-form\" method=\"post\" name=\"Nou formulari\" aria-label=\"Nou formulari\">\n\t\t\t<input type=\"hidden\" name=\"post_id\" value=\"1442\"\/>\n\t\t\t<input type=\"hidden\" name=\"form_id\" value=\"905c847\"\/>\n\t\t\t<input type=\"hidden\" name=\"referer_title\" value=\"\" \/>\n\n\t\t\t\n\t\t\t<div class=\"elementor-form-fields-wrapper elementor-labels-above\">\n\t\t\t\t\t\t\t\t<div class=\"elementor-field-type-text elementor-field-group elementor-column elementor-field-group-name elementor-col-50 elementor-field-required\">\n\t\t\t\t\t\t\t\t\t\t\t\t<label for=\"form-field-name\" class=\"elementor-field-label\">\n\t\t\t\t\t\t\t\tNom:\t\t\t\t\t\t\t<\/label>\n\t\t\t\t\t\t\t\t\t\t\t\t\t\t<input size=\"1\" type=\"text\" name=\"form_fields[name]\" id=\"form-field-name\" class=\"elementor-field elementor-size-sm  elementor-field-textual\" required=\"required\">\n\t\t\t\t\t\t\t\t\t\t\t<\/div>\n\t\t\t\t\t\t\t\t<div class=\"elementor-field-type-text elementor-field-group elementor-column elementor-field-group-Cognoms elementor-col-50 elementor-field-required\">\n\t\t\t\t\t\t\t\t\t\t\t\t<label for=\"form-field-Cognoms\" class=\"elementor-field-label\">\n\t\t\t\t\t\t\t\tCognoms:\t\t\t\t\t\t\t<\/label>\n\t\t\t\t\t\t\t\t\t\t\t\t\t\t<input size=\"1\" type=\"text\" name=\"form_fields[Cognoms]\" id=\"form-field-Cognoms\" class=\"elementor-field elementor-size-sm  elementor-field-textual\" required=\"required\">\n\t\t\t\t\t\t\t\t\t\t\t<\/div>\n\t\t\t\t\t\t\t\t<div class=\"elementor-field-type-text elementor-field-group elementor-column elementor-field-group-Nif elementor-col-100 elementor-field-required\">\n\t\t\t\t\t\t\t\t\t\t\t\t<label for=\"form-field-Nif\" class=\"elementor-field-label\">\n\t\t\t\t\t\t\t\tNIF:\t\t\t\t\t\t\t<\/label>\n\t\t\t\t\t\t\t\t\t\t\t\t\t\t<input size=\"1\" type=\"text\" name=\"form_fields[Nif]\" id=\"form-field-Nif\" class=\"elementor-field elementor-size-sm  elementor-field-textual\" required=\"required\">\n\t\t\t\t\t\t\t\t\t\t\t<\/div>\n\t\t\t\t\t\t\t\t<div class=\"elementor-field-type-date elementor-field-group elementor-column elementor-field-group-field_ce34d54 elementor-col-100 elementor-field-required\">\n\t\t\t\t\t\t\t\t\t\t\t\t<label for=\"form-field-field_ce34d54\" class=\"elementor-field-label\">\n\t\t\t\t\t\t\t\tData de naixement:\t\t\t\t\t\t\t<\/label>\n\t\t\t\t\t\t\n\t\t<input type=\"date\" name=\"form_fields[field_ce34d54]\" id=\"form-field-field_ce34d54\" class=\"elementor-field elementor-size-sm  elementor-field-textual elementor-date-field\" required=\"required\" pattern=\"[0-9]{4}-[0-9]{2}-[0-9]{2}\">\n\t\t\t\t\t\t<\/div>\n\t\t\t\t\t\t\t\t<div class=\"elementor-field-type-text elementor-field-group elementor-column elementor-field-group-sexe elementor-col-100 elementor-field-required\">\n\t\t\t\t\t\t\t\t\t\t\t\t<label for=\"form-field-sexe\" class=\"elementor-field-label\">\n\t\t\t\t\t\t\t\tSexe (H\/D):\t\t\t\t\t\t\t<\/label>\n\t\t\t\t\t\t\t\t\t\t\t\t\t\t<input size=\"1\" type=\"text\" name=\"form_fields[sexe]\" id=\"form-field-sexe\" class=\"elementor-field elementor-size-sm  elementor-field-textual\" required=\"required\">\n\t\t\t\t\t\t\t\t\t\t\t<\/div>\n\t\t\t\t\t\t\t\t<div class=\"elementor-field-type-text elementor-field-group elementor-column elementor-field-group-adreca elementor-col-100 elementor-field-required\">\n\t\t\t\t\t\t\t\t\t\t\t\t<label for=\"form-field-adreca\" class=\"elementor-field-label\">\n\t\t\t\t\t\t\t\tAdre\u00e7a:\t\t\t\t\t\t\t<\/label>\n\t\t\t\t\t\t\t\t\t\t\t\t\t\t<input size=\"1\" type=\"text\" name=\"form_fields[adreca]\" id=\"form-field-adreca\" class=\"elementor-field elementor-size-sm  elementor-field-textual\" required=\"required\">\n\t\t\t\t\t\t\t\t\t\t\t<\/div>\n\t\t\t\t\t\t\t\t<div class=\"elementor-field-type-text elementor-field-group elementor-column elementor-field-group-numero elementor-col-50 elementor-field-required\">\n\t\t\t\t\t\t\t\t\t\t\t\t<label for=\"form-field-numero\" class=\"elementor-field-label\">\n\t\t\t\t\t\t\t\tN\u00famero:\t\t\t\t\t\t\t<\/label>\n\t\t\t\t\t\t\t\t\t\t\t\t\t\t<input size=\"1\" type=\"text\" name=\"form_fields[numero]\" id=\"form-field-numero\" class=\"elementor-field elementor-size-sm  elementor-field-textual\" required=\"required\">\n\t\t\t\t\t\t\t\t\t\t\t<\/div>\n\t\t\t\t\t\t\t\t<div class=\"elementor-field-type-text elementor-field-group elementor-column elementor-field-group-pis elementor-col-50\">\n\t\t\t\t\t\t\t\t\t\t\t\t<label for=\"form-field-pis\" class=\"elementor-field-label\">\n\t\t\t\t\t\t\t\tPis:\t\t\t\t\t\t\t<\/label>\n\t\t\t\t\t\t\t\t\t\t\t\t\t\t<input size=\"1\" type=\"text\" name=\"form_fields[pis]\" id=\"form-field-pis\" class=\"elementor-field elementor-size-sm  elementor-field-textual\">\n\t\t\t\t\t\t\t\t\t\t\t<\/div>\n\t\t\t\t\t\t\t\t<div class=\"elementor-field-type-text elementor-field-group elementor-column elementor-field-group-poblacio elementor-col-100 elementor-field-required\">\n\t\t\t\t\t\t\t\t\t\t\t\t<label for=\"form-field-poblacio\" class=\"elementor-field-label\">\n\t\t\t\t\t\t\t\tPoblaci\u00f3:\t\t\t\t\t\t\t<\/label>\n\t\t\t\t\t\t\t\t\t\t\t\t\t\t<input size=\"1\" type=\"text\" name=\"form_fields[poblacio]\" id=\"form-field-poblacio\" class=\"elementor-field elementor-size-sm  elementor-field-textual\" required=\"required\">\n\t\t\t\t\t\t\t\t\t\t\t<\/div>\n\t\t\t\t\t\t\t\t<div class=\"elementor-field-type-text elementor-field-group elementor-column elementor-field-group-codipostal elementor-col-100 elementor-field-required\">\n\t\t\t\t\t\t\t\t\t\t\t\t<label for=\"form-field-codipostal\" class=\"elementor-field-label\">\n\t\t\t\t\t\t\t\tCodi postal:\t\t\t\t\t\t\t<\/label>\n\t\t\t\t\t\t\t\t\t\t\t\t\t\t<input size=\"1\" type=\"text\" name=\"form_fields[codipostal]\" id=\"form-field-codipostal\" class=\"elementor-field elementor-size-sm  elementor-field-textual\" required=\"required\">\n\t\t\t\t\t\t\t\t\t\t\t<\/div>\n\t\t\t\t\t\t\t\t<div class=\"elementor-field-type-tel elementor-field-group elementor-column elementor-field-group-field_c70e984 elementor-col-100 elementor-field-required\">\n\t\t\t\t\t\t\t\t\t\t\t\t<label for=\"form-field-field_c70e984\" class=\"elementor-field-label\">\n\t\t\t\t\t\t\t\tTel\u00e8fon:\t\t\t\t\t\t\t<\/label>\n\t\t\t\t\t\t\t\t<input size=\"1\" type=\"tel\" name=\"form_fields[field_c70e984]\" id=\"form-field-field_c70e984\" class=\"elementor-field elementor-size-sm  elementor-field-textual\" required=\"required\" pattern=\"[0-9()#&amp;+*-=.]+\" title=\"Solo se aceptan n\u00fameros y caracteres de tel\u00e9fono (#,-,*,etc).\">\n\n\t\t\t\t\t\t<\/div>\n\t\t\t\t\t\t\t\t<div class=\"elementor-field-type-email elementor-field-group elementor-column elementor-field-group-email elementor-col-100 elementor-field-required\">\n\t\t\t\t\t\t\t\t\t\t\t\t<label for=\"form-field-email\" class=\"elementor-field-label\">\n\t\t\t\t\t\t\t\tCorreu electr\u00f2nic:\t\t\t\t\t\t\t<\/label>\n\t\t\t\t\t\t\t\t\t\t\t\t\t\t<input size=\"1\" type=\"email\" name=\"form_fields[email]\" id=\"form-field-email\" class=\"elementor-field elementor-size-sm  elementor-field-textual\" required=\"required\">\n\t\t\t\t\t\t\t\t\t\t\t<\/div>\n\t\t\t\t\t\t\t\t<div class=\"elementor-field-type-radio elementor-field-group elementor-column elementor-field-group-field_727698f elementor-col-100 elementor-field-required\">\n\t\t\t\t\t\t\t\t\t\t\t\t<label for=\"form-field-field_727698f\" class=\"elementor-field-label\">\n\t\t\t\t\t\t\t\tAportaci\u00f3 anual:\t\t\t\t\t\t\t<\/label>\n\t\t\t\t\t\t<div class=\"elementor-field-subgroup  elementor-subgroup-inline\"><span class=\"elementor-field-option\"><input type=\"radio\" value=\"\" id=\"form-field-field_727698f-0\" name=\"form_fields[field_727698f]\" required=\"required\"> <label for=\"form-field-field_727698f-0\">20\u20ac (menors de 18 anys) <\/label><\/span><span class=\"elementor-field-option\"><input type=\"radio\" value=\"\" id=\"form-field-field_727698f-1\" name=\"form_fields[field_727698f]\" required=\"required\"> <label for=\"form-field-field_727698f-1\">50\u20ac<\/label><\/span><span class=\"elementor-field-option\"><input type=\"radio\" value=\"\" id=\"form-field-field_727698f-2\" name=\"form_fields[field_727698f]\" required=\"required\"> <label for=\"form-field-field_727698f-2\">100\u20ac<\/label><\/span><span class=\"elementor-field-option\"><input type=\"radio\" value=\"\" id=\"form-field-field_727698f-3\" name=\"form_fields[field_727698f]\" required=\"required\"> <label for=\"form-field-field_727698f-3\">200\u20ac<\/label><\/span><\/div>\t\t\t\t<\/div>\n\t\t\t\t\t\t\t\t<div class=\"elementor-field-type-textarea elementor-field-group elementor-column elementor-field-group-message elementor-col-100\">\n\t\t\t\t\t\t\t\t\t\t\t\t<label for=\"form-field-message\" class=\"elementor-field-label\">\n\t\t\t\t\t\t\t\tDades banc\u00e0ries (IBAN):\t\t\t\t\t\t\t<\/label>\n\t\t\t\t\t\t<textarea class=\"elementor-field-textual elementor-field  elementor-size-sm\" name=\"form_fields[message]\" id=\"form-field-message\" rows=\"1\"><\/textarea>\t\t\t\t<\/div>\n\t\t\t\t\t\t\t\t<div class=\"elementor-field-type-acceptance elementor-field-group elementor-column elementor-field-group-field_c2f2a60 elementor-col-100 elementor-field-required\">\n\t\t\t\t\t\t\t<div class=\"elementor-field-subgroup\">\n\t\t\t<span class=\"elementor-field-option\">\n\t\t\t\t<input type=\"checkbox\" name=\"form_fields[field_c2f2a60]\" id=\"form-field-field_c2f2a60\" class=\"elementor-field elementor-size-sm  elementor-acceptance-field\" required=\"required\">\n\t\t\t\t<label for=\"form-field-field_c2f2a60\">Accepto la <A HREF=\"https:\/\/cpvilafranca.cat\/politica-de-privacitat\/\"> Pol\u00edtica de privacitat <\/A>\n<\/label>\t\t\t<\/span>\n\t\t<\/div>\n\t\t\t\t\t\t<\/div>\n\t\t\t\t\t\t\t\t<div class=\"elementor-field-type-recaptcha_v3 elementor-field-group elementor-column elementor-field-group-field_b99be3e elementor-col-100 recaptcha_v3-bottomright\">\n\t\t\t\t\t<div class=\"elementor-field\" id=\"form-field-field_b99be3e\"><div class=\"elementor-g-recaptcha\" data-sitekey=\"6LdrdcwrAAAAAKJ6fowlXpxRrV46x01mFCkZG9i0\" data-type=\"v3\" data-action=\"Form\" data-badge=\"bottomright\" data-size=\"invisible\"><\/div><\/div>\t\t\t\t<\/div>\n\t\t\t\t\t\t\t\t<div class=\"elementor-field-group elementor-column elementor-field-type-submit elementor-col-100 e-form__buttons\">\n\t\t\t\t\t<button class=\"elementor-button elementor-size-sm\" type=\"submit\">\n\t\t\t\t\t\t<span class=\"elementor-button-content-wrapper\">\n\t\t\t\t\t\t\t\t\t\t\t\t\t\t\t\t\t\t\t\t\t\t<span class=\"elementor-button-text\">Enviar<\/span>\n\t\t\t\t\t\t\t\t\t\t\t\t\t<\/span>\n\t\t\t\t\t<\/button>\n\t\t\t\t<\/div>\n\t\t\t<\/div>\n\t\t<\/form>\n\t\t\t\t\t\t<\/div>\n\t\t\t\t<\/div>\n\t\t\t\t<\/div>\n\t\t\t\t\t<\/div>\n\t\t\t\t<\/div>\n\t\t\t\t<\/div>\n\t\t","protected":false},"excerpt":{"rendered":"<p>Fes-te soci del Club Pat\u00ed Vilafranca Vols formar part del Club Pat\u00ed Vilafranca? Fes-te soci i viu l\u2019hoquei sobre patins a Vilafranca del Pened\u00e8s des de dins. Aconsegueix el teu abonament i gaudeix de tots els avantatges exclusius per a socis.\u00a0 Avantatges de ser soci a Vilafranca del Pened\u00e8s Ser soci del Club Pat\u00ed Vilafranca [&hellip;]<\/p>\n","protected":false},"author":1,"featured_media":0,"parent":0,"menu_order":0,"comment_status":"closed","ping_status":"closed","template":"","meta":{"site-sidebar-layout":"no-sidebar","site-content-layout":"page-builder","ast-site-content-layout":"full-width-container","site-content-style":"default","site-sidebar-style":"default","ast-global-header-display":"","ast-banner-title-visibility":"","ast-main-header-display":"","ast-hfb-above-header-display":"","ast-hfb-below-header-display":"","ast-hfb-mobile-header-display":"","site-post-title":"disabled","ast-breadcrumbs-content":"","ast-featured-img":"disabled","footer-sml-layout":"","ast-disable-related-posts":"","theme-transparent-header-meta":"","adv-header-id-meta":"","stick-header-meta":"","header-above-stick-meta":"","header-main-stick-meta":"","header-below-stick-meta":"","astra-migrate-meta-layouts":"set","ast-page-background-enabled":"default","ast-page-background-meta":{"desktop":{"background-color":"","background-image":"","background-repeat":"repeat","background-position":"center center","background-size":"auto","background-attachment":"scroll","background-type":"","background-media":"","overlay-type":"","overlay-color":"","overlay-opacity":"","overlay-gradient":""},"tablet":{"background-color":"","background-image":"","background-repeat":"repeat","background-position":"center center","background-size":"auto","background-attachment":"scroll","background-type":"","background-media":"","overlay-type":"","overlay-color":"","overlay-opacity":"","overlay-gradient":""},"mobile":{"background-color":"","background-image":"","background-repeat":"repeat","background-position":"center center","background-size":"auto","background-attachment":"scroll","background-type":"","background-media":"","overlay-type":"","overlay-color":"","overlay-opacity":"","overlay-gradient":""}},"ast-content-background-meta":{"desktop":{"background-color":"var(--ast-global-color-5)","background-image":"","background-repeat":"repeat","background-position":"center center","background-size":"auto","background-attachment":"scroll","background-type":"","background-media":"","overlay-type":"","overlay-color":"","overlay-opacity":"","overlay-gradient":""},"tablet":{"background-color":"var(--ast-global-color-5)","background-image":"","background-repeat":"repeat","background-position":"center center","background-size":"auto","background-attachment":"scroll","background-type":"","background-media":"","overlay-type":"","overlay-color":"","overlay-opacity":"","overlay-gradient":""},"mobile":{"background-color":"var(--ast-global-color-5)","background-image":"","background-repeat":"repeat","background-position":"center center","background-size":"auto","background-attachment":"scroll","background-type":"","background-media":"","overlay-type":"","overlay-color":"","overlay-opacity":"","overlay-gradient":""}},"footnotes":""},"class_list":["post-1442","page","type-page","status-publish","hentry"],"_links":{"self":[{"href":"https:\/\/cpvilafranca.cat\/es\/wp-json\/wp\/v2\/pages\/1442","targetHints":{"allow":["GET"]}}],"collection":[{"href":"https:\/\/cpvilafranca.cat\/es\/wp-json\/wp\/v2\/pages"}],"about":[{"href":"https:\/\/cpvilafranca.cat\/es\/wp-json\/wp\/v2\/types\/page"}],"author":[{"embeddable":true,"href":"https:\/\/cpvilafranca.cat\/es\/wp-json\/wp\/v2\/users\/1"}],"replies":[{"embeddable":true,"href":"https:\/\/cpvilafranca.cat\/es\/wp-json\/wp\/v2\/comments?post=1442"}],"version-history":[{"count":32,"href":"https:\/\/cpvilafranca.cat\/es\/wp-json\/wp\/v2\/pages\/1442\/revisions"}],"predecessor-version":[{"id":2098,"href":"https:\/\/cpvilafranca.cat\/es\/wp-json\/wp\/v2\/pages\/1442\/revisions\/2098"}],"wp:attachment":[{"href":"https:\/\/cpvilafranca.cat\/es\/wp-json\/wp\/v2\/media?parent=1442"}],"curies":[{"name":"wp","href":"https:\/\/api.w.org\/{rel}","templated":true}]}}