{"id":20,"date":"2024-08-09T15:34:41","date_gmt":"2024-08-09T13:34:41","guid":{"rendered":"https:\/\/cpvilafranca.cat\/about-us\/"},"modified":"2025-09-17T13:12:21","modified_gmt":"2025-09-17T11:12:21","slug":"historia-del-club-pati-vilafranca","status":"publish","type":"page","link":"https:\/\/cpvilafranca.cat\/en\/historia-del-club-pati-vilafranca\/","title":{"rendered":"History"},"content":{"rendered":"<div data-elementor-type=\"wp-page\" data-elementor-id=\"20\" class=\"elementor elementor-20\" data-elementor-post-type=\"page\">\n\t\t\t\t<div class=\"elementor-element elementor-element-55bef5f e-flex e-con-boxed e-con e-parent\" data-id=\"55bef5f\" data-element_type=\"container\" data-e-type=\"container\" data-settings=\"{&quot;background_background&quot;:&quot;classic&quot;}\">\n\t\t\t\t\t<div class=\"e-con-inner\">\n\t\t<div class=\"elementor-element elementor-element-0ddc332 e-con-full e-flex e-con e-child\" data-id=\"0ddc332\" data-element_type=\"container\" data-e-type=\"container\">\n\t\t\t\t<div class=\"elementor-element elementor-element-94b4d39 elementor-widget elementor-widget-heading\" data-id=\"94b4d39\" data-element_type=\"widget\" data-e-type=\"widget\" data-widget_type=\"heading.default\">\n\t\t\t\t<div class=\"elementor-widget-container\">\n\t\t\t\t\t<h1 class=\"elementor-heading-title elementor-size-default\">History of the Vilafranca Skating Club<\/h1>\t\t\t\t<\/div>\n\t\t\t\t<\/div>\n\t\t\t\t<div class=\"elementor-element elementor-element-a130f0d elementor-widget elementor-widget-text-editor\" data-id=\"a130f0d\" data-element_type=\"widget\" data-e-type=\"widget\" data-widget_type=\"text-editor.default\">\n\t\t\t\t<div class=\"elementor-widget-container\">\n\t\t\t\t\t\t\t\t\t<p>The<strong data-start=\"955\" data-end=\"992\">history of the Vilafranca Skating Club<\/strong> it is also the story of the<strong data-start=\"1019\" data-end=\"1067\">roller hockey in Vilafranca del Pened\u00e8s<\/strong>From humble beginnings to becoming a sports benchmark in Catalonia and Spain, the club has grown with the strength of its people and the passion for this sport.<\/p>\t\t\t\t\t\t\t\t<\/div>\n\t\t\t\t<\/div>\n\t\t\t\t<\/div>\n\t\t<div class=\"elementor-element elementor-element-db35768 e-con-full e-flex e-con e-child\" data-id=\"db35768\" data-element_type=\"container\" data-e-type=\"container\">\n\t\t\t\t<\/div>\n\t\t\t\t\t<\/div>\n\t\t\t\t<\/div>\n\t\t<div class=\"elementor-element elementor-element-78245b1 e-flex e-con-boxed e-con e-parent\" data-id=\"78245b1\" data-element_type=\"container\" data-e-type=\"container\">\n\t\t\t\t\t<div class=\"e-con-inner\">\n\t\t<div class=\"elementor-element elementor-element-e41006e e-con-full e-flex e-con e-child\" data-id=\"e41006e\" data-element_type=\"container\" data-e-type=\"container\">\n\t\t\t\t<div class=\"elementor-element elementor-element-1a4856a elementor-widget elementor-widget-heading\" data-id=\"1a4856a\" data-element_type=\"widget\" data-e-type=\"widget\" data-widget_type=\"heading.default\">\n\t\t\t\t<div class=\"elementor-widget-container\">\n\t\t\t\t\t<h2 class=\"elementor-heading-title elementor-size-default\">The origins of roller hockey in Vilafranca del Pened\u00e8s<\/h2>\t\t\t\t<\/div>\n\t\t\t\t<\/div>\n\t\t\t\t<div class=\"elementor-element elementor-element-b65b3ba elementor-widget elementor-widget-text-editor\" data-id=\"b65b3ba\" data-element_type=\"widget\" data-e-type=\"widget\" data-widget_type=\"text-editor.default\">\n\t\t\t\t<div class=\"elementor-widget-container\">\n\t\t\t\t\t\t\t\t\t<p>The Vilafranca Roller Club, currently known as Digittecnic Vilafranca Capital del Vi thanks to its sponsor, is a benchmark in the world of roller hockey in Vilafranca del Pened\u00e8s. Founded in 1970, the club has experienced moments of great success throughout its history, consolidating itself as a sports entity with great projection and a history full of overcome challenges. It currently competes in the OK Lliga, the highest category of state hockey.<\/p><p>The first big step came in 1972, when Club Pat\u00ed Vilafranca achieved its first promotion from the Second to the First Division. Although it could not materialize for economic reasons, the club&#039;s determination remained intact. Thus, the definitive promotion to the First Division occurred in the 1975-76 season, consolidating itself in the category and achieving promotion to the Division of Honor three years later, in 1978-79.<\/p><p>Although the club only remained in the top flight for one season, it continued to work towards returning to the top flight. The next promotion came in the 1987\u201388 season, although it was again temporary. From the 1990s, the club stabilized between the OK League and the First Division, alternating between categories until consolidating itself back in the OK League in several seasons.<\/p><p>Club Pat\u00ed Vilafranca&#039;s most notable moment to date has been their runner-up finish in the CERS Cup in the 2015-16 season, where they were defeated by OC Barcelos. This success solidified the club as a formidable rival in Europe and marked a high point in their history, with two consecutive CERS Cup semi-finals in 1997-98 and 1998-99.<\/p>\t\t\t\t\t\t\t\t<\/div>\n\t\t\t\t<\/div>\n\t\t\t\t<\/div>\n\t\t<div class=\"elementor-element elementor-element-8a31096 e-con-full e-flex e-con e-child\" data-id=\"8a31096\" data-element_type=\"container\" data-e-type=\"container\">\n\t\t\t\t<div class=\"elementor-element elementor-element-99259e2 elementor-widget elementor-widget-image\" data-id=\"99259e2\" data-element_type=\"widget\" data-e-type=\"widget\" data-widget_type=\"image.default\">\n\t\t\t\t<div class=\"elementor-widget-container\">\n\t\t\t\t\t\t\t\t\t\t\t\t\t\t\t<img fetchpriority=\"high\" decoding=\"async\" width=\"700\" height=\"500\" src=\"https:\/\/cpvilafranca.cat\/wp-content\/uploads\/2024\/09\/cp-vilafranca.jpg\" class=\"attachment-large size-large wp-image-1372\" alt=\"Hist\u00f2ria del Club Pat\u00ed Vilafranca\" srcset=\"https:\/\/cpvilafranca.cat\/wp-content\/uploads\/2024\/09\/cp-vilafranca.jpg 700w, https:\/\/cpvilafranca.cat\/wp-content\/uploads\/2024\/09\/cp-vilafranca-300x214.jpg 300w, https:\/\/cpvilafranca.cat\/wp-content\/uploads\/2024\/09\/cp-vilafranca-18x12.jpg 18w, https:\/\/cpvilafranca.cat\/wp-content\/uploads\/2024\/09\/cp-vilafranca-600x429.jpg 600w\" sizes=\"(max-width: 700px) 100vw, 700px\" title=\"\">\t\t\t\t\t\t\t\t\t\t\t\t\t\t\t<\/div>\n\t\t\t\t<\/div>\n\t\t<div class=\"elementor-element elementor-element-88d3046 e-con-full e-flex e-con e-child\" data-id=\"88d3046\" data-element_type=\"container\" data-e-type=\"container\">\n\t\t<div class=\"elementor-element elementor-element-6097daf e-con-full e-transform e-flex e-con e-child\" data-id=\"6097daf\" data-element_type=\"container\" data-e-type=\"container\" data-settings=\"{&quot;background_background&quot;:&quot;classic&quot;,&quot;_transform_scale_effect_hover&quot;:{&quot;unit&quot;:&quot;px&quot;,&quot;size&quot;:1.1,&quot;sizes&quot;:[]},&quot;_transform_scale_effect_hover_tablet&quot;:{&quot;unit&quot;:&quot;px&quot;,&quot;size&quot;:&quot;&quot;,&quot;sizes&quot;:[]},&quot;_transform_scale_effect_hover_mobile&quot;:{&quot;unit&quot;:&quot;px&quot;,&quot;size&quot;:&quot;&quot;,&quot;sizes&quot;:[]}}\">\n\t\t\t\t<div class=\"elementor-element elementor-element-1a1168b elementor-widget elementor-widget-heading\" data-id=\"1a1168b\" data-element_type=\"widget\" data-e-type=\"widget\" data-widget_type=\"heading.default\">\n\t\t\t\t<div class=\"elementor-widget-container\">\n\t\t\t\t\t<h2 class=\"elementor-heading-title elementor-size-default\">Classification<\/h2>\t\t\t\t<\/div>\n\t\t\t\t<\/div>\n\t\t\t\t<div class=\"elementor-element elementor-element-72c75bb elementor-widget elementor-widget-text-editor\" data-id=\"72c75bb\" data-element_type=\"widget\" data-e-type=\"widget\" data-widget_type=\"text-editor.default\">\n\t\t\t\t<div class=\"elementor-widget-container\">\n\t\t\t\t\t\t\t\t\t<div class=\"elementor-element elementor-element-9ab7c96 elementor-widget elementor-widget-text-editor\" data-id=\"9ab7c96\" data-element_type=\"widget\" data-widget_type=\"text-editor.default\"><div class=\"elementor-widget-container\"><p>MATCH DETAILS, GOALS, ASSISTS, CARDS<\/p><\/div><\/div>\t\t\t\t\t\t\t\t<\/div>\n\t\t\t\t<\/div>\n\t\t\t\t<div class=\"elementor-element elementor-element-39134f7 elementor-widget elementor-widget-image\" data-id=\"39134f7\" data-element_type=\"widget\" data-e-type=\"widget\" data-widget_type=\"image.default\">\n\t\t\t\t<div class=\"elementor-widget-container\">\n\t\t\t\t\t\t\t\t\t\t\t\t\t\t\t<img decoding=\"async\" width=\"655\" height=\"275\" src=\"https:\/\/cpvilafranca.cat\/wp-content\/uploads\/2024\/10\/Logo-Parlem.png\" class=\"attachment-full size-full wp-image-1615\" alt=\"\" srcset=\"https:\/\/cpvilafranca.cat\/wp-content\/uploads\/2024\/10\/Logo-Parlem.png 655w, https:\/\/cpvilafranca.cat\/wp-content\/uploads\/2024\/10\/Logo-Parlem-300x126.png 300w, https:\/\/cpvilafranca.cat\/wp-content\/uploads\/2024\/10\/Logo-Parlem-18x8.png 18w, https:\/\/cpvilafranca.cat\/wp-content\/uploads\/2024\/10\/Logo-Parlem-600x252.png 600w\" sizes=\"(max-width: 655px) 100vw, 655px\" title=\"\">\t\t\t\t\t\t\t\t\t\t\t\t\t\t\t<\/div>\n\t\t\t\t<\/div>\n\t\t\t\t<div class=\"elementor-element elementor-element-4bbfc80 elementor-align-center elementor-widget__width-inherit elementor-widget elementor-widget-button\" data-id=\"4bbfc80\" data-element_type=\"widget\" data-e-type=\"widget\" data-widget_type=\"button.default\">\n\t\t\t\t<div class=\"elementor-widget-container\">\n\t\t\t\t\t\t\t\t\t<div class=\"elementor-button-wrapper\">\n\t\t\t\t\t<a class=\"elementor-button elementor-button-link elementor-size-sm\" href=\"https:\/\/www.hockeypatines.fep.es\/\" target=\"_blank\" rel=\"noopener\">\n\t\t\t\t\t\t<span class=\"elementor-button-content-wrapper\">\n\t\t\t\t\t\t\t\t\t<span class=\"elementor-button-text\">TEAMS CLASSIFICATION<\/span>\n\t\t\t\t\t<\/span>\n\t\t\t\t\t<\/a>\n\t\t\t\t<\/div>\n\t\t\t\t\t\t\t\t<\/div>\n\t\t\t\t<\/div>\n\t\t\t\t<\/div>\n\t\t\t\t<\/div>\n\t\t\t\t<\/div>\n\t\t\t\t\t<\/div>\n\t\t\t\t<\/div>\n\t\t<div class=\"elementor-element elementor-element-d4a1227 e-flex e-con-boxed e-con e-parent\" data-id=\"d4a1227\" data-element_type=\"container\" data-e-type=\"container\" data-settings=\"{&quot;background_background&quot;:&quot;classic&quot;}\">\n\t\t\t\t\t<div class=\"e-con-inner\">\n\t\t<div class=\"elementor-element elementor-element-0b8cc1a e-con-full e-flex e-con e-child\" data-id=\"0b8cc1a\" data-element_type=\"container\" data-e-type=\"container\">\n\t\t<div class=\"elementor-element elementor-element-e895726 e-con-full e-flex e-con e-child\" data-id=\"e895726\" data-element_type=\"container\" data-e-type=\"container\">\n\t\t<div class=\"elementor-element elementor-element-71ee712 e-con-full e-flex e-con e-child\" data-id=\"71ee712\" data-element_type=\"container\" data-e-type=\"container\" data-settings=\"{&quot;background_background&quot;:&quot;classic&quot;}\">\n\t\t\t\t<div class=\"elementor-element elementor-element-a9eab66 elementor-widget elementor-widget-heading\" data-id=\"a9eab66\" data-element_type=\"widget\" data-e-type=\"widget\" data-widget_type=\"heading.default\">\n\t\t\t\t<div class=\"elementor-widget-container\">\n\t\t\t\t\t<h2 class=\"elementor-heading-title elementor-size-default\"><a href=\"https:\/\/cpvilafranca.cat\/en\/junta\/\">Board<\/a><\/h2>\t\t\t\t<\/div>\n\t\t\t\t<\/div>\n\t\t\t\t<\/div>\n\t\t\t\t<\/div>\n\t\t<div class=\"elementor-element elementor-element-6214906 e-con-full e-flex e-con e-child\" data-id=\"6214906\" data-element_type=\"container\" data-e-type=\"container\">\n\t\t<div class=\"elementor-element elementor-element-d77b689 e-con-full e-flex e-con e-child\" data-id=\"d77b689\" data-element_type=\"container\" data-e-type=\"container\" data-settings=\"{&quot;background_background&quot;:&quot;classic&quot;}\">\n\t\t\t\t<div class=\"elementor-element elementor-element-70f06b8 elementor-widget elementor-widget-heading\" data-id=\"70f06b8\" data-element_type=\"widget\" data-e-type=\"widget\" data-widget_type=\"heading.default\">\n\t\t\t\t<div class=\"elementor-widget-container\">\n\t\t\t\t\t<h2 class=\"elementor-heading-title elementor-size-default\"><a href=\"https:\/\/cpvilafranca.cat\/en\/equips-del-club-pati-vilafranca\/\">Equipment<\/a><\/h2>\t\t\t\t<\/div>\n\t\t\t\t<\/div>\n\t\t\t\t<\/div>\n\t\t\t\t<\/div>\n\t\t\t\t<\/div>\n\t\t<div class=\"elementor-element elementor-element-462a98d e-con-full e-flex e-con e-child\" data-id=\"462a98d\" data-element_type=\"container\" data-e-type=\"container\">\n\t\t<div class=\"elementor-element elementor-element-0802ca2 e-con-full e-flex e-con e-child\" data-id=\"0802ca2\" data-element_type=\"container\" data-e-type=\"container\">\n\t\t<div class=\"elementor-element elementor-element-82572f9 e-con-full e-flex e-con e-child\" data-id=\"82572f9\" data-element_type=\"container\" data-e-type=\"container\" data-settings=\"{&quot;background_background&quot;:&quot;classic&quot;}\">\n\t\t\t\t<div class=\"elementor-element elementor-element-cb55528 elementor-widget elementor-widget-heading\" data-id=\"cb55528\" data-element_type=\"widget\" data-e-type=\"widget\" data-widget_type=\"heading.default\">\n\t\t\t\t<div class=\"elementor-widget-container\">\n\t\t\t\t\t<h2 class=\"elementor-heading-title elementor-size-default\"><a href=\"https:\/\/cpvilafranca.cat\/en\/fes-te-soci\/\">Become a member<\/a><\/h2>\t\t\t\t<\/div>\n\t\t\t\t<\/div>\n\t\t\t\t<\/div>\n\t\t\t\t<\/div>\n\t\t\t\t<\/div>\n\t\t\t\t\t<\/div>\n\t\t\t\t<\/div>\n\t\t\t\t<\/div>","protected":false},"excerpt":{"rendered":"<p>Hist\u00f2ria del Club Pat\u00ed Vilafranca L\u2019hist\u00f2ria del Club Pat\u00ed Vilafranca \u00e9s tamb\u00e9 la hist\u00f2ria de l\u2019hoquei sobre patins a Vilafranca del Pened\u00e8s. Des dels inicis humils fins a convertir-nos en un referent esportiu a Catalunya i a l\u2019Estat, el club ha crescut amb la for\u00e7a de la seva gent i la passi\u00f3 per aquest esport. [&hellip;]<\/p>\n","protected":false},"author":1,"featured_media":0,"parent":0,"menu_order":0,"comment_status":"closed","ping_status":"closed","template":"","meta":{"site-sidebar-layout":"no-sidebar","site-content-layout":"page-builder","ast-site-content-layout":"default","site-content-style":"default","site-sidebar-style":"default","ast-global-header-display":"","ast-banner-title-visibility":"","ast-main-header-display":"","ast-hfb-above-header-display":"","ast-hfb-below-header-display":"","ast-hfb-mobile-header-display":"","site-post-title":"disabled","ast-breadcrumbs-content":"disabled","ast-featured-img":"disabled","footer-sml-layout":"","ast-disable-related-posts":"","theme-transparent-header-meta":"enabled","adv-header-id-meta":"","stick-header-meta":"","header-above-stick-meta":"","header-main-stick-meta":"","header-below-stick-meta":"","astra-migrate-meta-layouts":"default","ast-page-background-enabled":"default","ast-page-background-meta":{"desktop":{"background-color":"","background-image":"","background-repeat":"repeat","background-position":"center center","background-size":"auto","background-attachment":"scroll","background-type":"","background-media":"","overlay-type":"","overlay-color":"","overlay-opacity":"","overlay-gradient":""},"tablet":{"background-color":"","background-image":"","background-repeat":"repeat","background-position":"center center","background-size":"auto","background-attachment":"scroll","background-type":"","background-media":"","overlay-type":"","overlay-color":"","overlay-opacity":"","overlay-gradient":""},"mobile":{"background-color":"","background-image":"","background-repeat":"repeat","background-position":"center center","background-size":"auto","background-attachment":"scroll","background-type":"","background-media":"","overlay-type":"","overlay-color":"","overlay-opacity":"","overlay-gradient":""}},"ast-content-background-meta":{"desktop":{"background-color":"var(--ast-global-color-5)","background-image":"","background-repeat":"repeat","background-position":"center center","background-size":"auto","background-attachment":"scroll","background-type":"","background-media":"","overlay-type":"","overlay-color":"","overlay-opacity":"","overlay-gradient":""},"tablet":{"background-color":"var(--ast-global-color-5)","background-image":"","background-repeat":"repeat","background-position":"center center","background-size":"auto","background-attachment":"scroll","background-type":"","background-media":"","overlay-type":"","overlay-color":"","overlay-opacity":"","overlay-gradient":""},"mobile":{"background-color":"var(--ast-global-color-5)","background-image":"","background-repeat":"repeat","background-position":"center center","background-size":"auto","background-attachment":"scroll","background-type":"","background-media":"","overlay-type":"","overlay-color":"","overlay-opacity":"","overlay-gradient":""}},"footnotes":""},"class_list":["post-20","page","type-page","status-publish","hentry"],"_links":{"self":[{"href":"https:\/\/cpvilafranca.cat\/en\/wp-json\/wp\/v2\/pages\/20","targetHints":{"allow":["GET"]}}],"collection":[{"href":"https:\/\/cpvilafranca.cat\/en\/wp-json\/wp\/v2\/pages"}],"about":[{"href":"https:\/\/cpvilafranca.cat\/en\/wp-json\/wp\/v2\/types\/page"}],"author":[{"embeddable":true,"href":"https:\/\/cpvilafranca.cat\/en\/wp-json\/wp\/v2\/users\/1"}],"replies":[{"embeddable":true,"href":"https:\/\/cpvilafranca.cat\/en\/wp-json\/wp\/v2\/comments?post=20"}],"version-history":[{"count":35,"href":"https:\/\/cpvilafranca.cat\/en\/wp-json\/wp\/v2\/pages\/20\/revisions"}],"predecessor-version":[{"id":2138,"href":"https:\/\/cpvilafranca.cat\/en\/wp-json\/wp\/v2\/pages\/20\/revisions\/2138"}],"wp:attachment":[{"href":"https:\/\/cpvilafranca.cat\/en\/wp-json\/wp\/v2\/media?parent=20"}],"curies":[{"name":"wp","href":"https:\/\/api.w.org\/{rel}","templated":true}]}}